{"id":36246,"date":"2018-07-06T17:05:59","date_gmt":"2018-07-06T17:05:59","guid":{"rendered":"http:\/\/quintadecimadeeiriz.com\/en\/?page_id=36246"},"modified":"2018-07-30T15:05:21","modified_gmt":"2018-07-30T15:05:21","slug":"actividades","status":"publish","type":"page","link":"https:\/\/quintadecimadeeiriz.com\/en\/actividades\/","title":{"rendered":"Actividades"},"content":{"rendered":"<p>[et_pb_section fb_built=&#8221;1&#8243; module_id=&#8221;home&#8221; _builder_version=&#8221;3.9&#8243; custom_margin=&#8221;0px||0px|&#8221; custom_padding=&#8221;0px|0px|10px|0px&#8221;][et_pb_row make_fullwidth=&#8221;on&#8221; use_custom_gutter=&#8221;on&#8221; gutter_width=&#8221;1&#8243; custom_padding=&#8221;0px|0px|0px|0px&#8221; parallax_method_1=&#8221;off&#8221; _builder_version=&#8221;3.0.82&#8243; background_size=&#8221;initial&#8221; background_position=&#8221;top_left&#8221; background_repeat=&#8221;repeat&#8221;][et_pb_column type=&#8221;4_4&#8243; _builder_version=&#8221;3.0.47&#8243; parallax=&#8221;off&#8221; parallax_method=&#8221;off&#8221;][et_pb_slider show_arrows=&#8221;off&#8221; show_pagination=&#8221;off&#8221; _builder_version=&#8221;3.9&#8243; header_font=&#8221;|600|||||||&#8221; header_font_size=&#8221;35px&#8221; header_font_size_tablet=&#8221;28px&#8221; header_font_size_phone=&#8221;25px&#8221; header_font_size_last_edited=&#8221;on|desktop&#8221; header_letter_spacing=&#8221;1px&#8221; header_letter_spacing_tablet=&#8221;1px&#8221; header_letter_spacing_phone=&#8221;0px&#8221; header_letter_spacing_last_edited=&#8221;on|desktop&#8221; header_line_height=&#8221;1.3em&#8221; body_font=&#8221;||||||||&#8221; body_font_size=&#8221;18px&#8221; body_font_size_tablet=&#8221;17px&#8221; body_font_size_phone=&#8221;16px&#8221; body_font_size_last_edited=&#8221;on|desktop&#8221; body_line_height=&#8221;1.5em&#8221; button_text_size_phone=&#8221;18px&#8221; button_text_size_last_edited=&#8221;off|desktop&#8221; box_shadow_style=&#8221;preset6&#8243; box_shadow_blur=&#8221;10px&#8221; box_shadow_color=&#8221;rgba(0,0,0,0.1)&#8221; custom_margin=&#8221;0px||0px|&#8221; custom_padding=&#8221;200px|0px|200px|0px&#8221; custom_padding_tablet=&#8221;130px||130px||true&#8221; custom_padding_phone=&#8221;80px||80px||true&#8221; custom_padding_last_edited=&#8221;on|desktop&#8221; auto=&#8221;on&#8221; auto_speed=&#8221;4000&#8243; auto_ignore_hover=&#8221;on&#8221; top_padding=&#8221;180px&#8221; bottom_padding=&#8221;180px&#8221; top_padding_phone=&#8221;50px&#8221; bottom_padding_phone=&#8221;50px&#8221; top_padding_last_edited=&#8221;on|desktop&#8221; bottom_padding_last_edited=&#8221;on|desktop&#8221;][et_pb_slide button_link=&#8221;#empresa&#8221; use_bg_overlay=&#8221;off&#8221; use_text_overlay=&#8221;off&#8221; admin_title=&#8221;SLIDER 01&#8243; _builder_version=&#8221;3.9&#8243; header_font_size_tablet=&#8221;38&#8243; header_font_size_phone=&#8221;22&#8243; header_font_size_last_edited=&#8221;off|desktop&#8221; body_font=&#8221;||||&#8221; body_font_size_phone=&#8221;12&#8243; body_font_size_last_edited=&#8221;off|desktop&#8221; background_color=&#8221;#ffffff&#8221; background_image=&#8221;http:\/\/quintadecimadeeiriz.com\/en\/wp-content\/uploads\/2018\/07\/QDCDE_Atividades_Slider_01.jpg&#8221; button_icon_placement=&#8221;right&#8221; button_on_hover=&#8221;on&#8221; button_text_size_tablet=&#8221;20px&#8221; button_text_size_phone=&#8221;14px&#8221; button_text_size_last_edited=&#8221;off|desktop&#8221;][\/et_pb_slide][\/et_pb_slider][\/et_pb_column][\/et_pb_row][\/et_pb_section][et_pb_section fb_built=&#8221;1&#8243; module_class=&#8221;hometext&#8221; _builder_version=&#8221;3.9&#8243; background_color=&#8221;#646b5b&#8221; custom_margin=&#8221;0px||0px||true&#8221; custom_padding=&#8221;0px||0px||true&#8221;][et_pb_row use_custom_width=&#8221;on&#8221; custom_width_px=&#8221;1250px&#8221; custom_padding=&#8221;100px||100px||true&#8221; custom_padding_tablet=&#8221;80px|||&#8221; custom_margin=&#8221;0px||0px||true&#8221; custom_padding_last_edited=&#8221;on|desktop&#8221; _builder_version=&#8221;3.9&#8243; background_image=&#8221;http:\/\/quintadecimadeeiriz.com\/en\/wp-content\/uploads\/2018\/07\/QDCDE_Casa_Icontexto_03.png&#8221; background_size=&#8221;initial&#8221; background_position=&#8221;top_center&#8221;][et_pb_column type=&#8221;4_4&#8243; _builder_version=&#8221;3.0.47&#8243; parallax=&#8221;off&#8221; parallax_method=&#8221;on&#8221;][et_pb_text _builder_version=&#8221;3.11&#8243; text_font=&#8221;|||on|||||&#8221; text_font_size=&#8221;22px&#8221; text_font_size_last_edited=&#8221;off|desktop&#8221; header_font=&#8221;||||||||&#8221; header_text_align=&#8221;center&#8221; text_orientation=&#8221;center&#8221; background_layout=&#8221;dark&#8221; max_width=&#8221;540px&#8221; module_alignment=&#8221;center&#8221; custom_margin=&#8221;0px||0px||true&#8221; custom_padding=&#8221;0px||0px||true&#8221;]<\/p>\n<h1 style=\"padding-bottom: 35px;\">ACTIVTIES<\/h1>\n<p>WALKING \u2022 POOL \u2022 Hall of games with snooker \u2022 PLAYGROUND \u2022 BAR<\/p>\n<p>[\/et_pb_text][\/et_pb_column][\/et_pb_row][\/et_pb_section][et_pb_section fb_built=&#8221;1&#8243; disabled_on=&#8221;off|off|off&#8221; _builder_version=&#8221;3.9&#8243; background_color=&#8221;#ededed&#8221; border_width_top=&#8221;2px&#8221; border_color_top=&#8221;#646b5b&#8221; custom_margin=&#8221;0px||0px|&#8221; custom_padding=&#8221;0px||0px|&#8221; custom_padding_tablet=&#8221;0px||0px|&#8221; padding_mobile=&#8221;on&#8221; global_module=&#8221;34289&#8243;][et_pb_row make_fullwidth=&#8221;on&#8221; use_custom_gutter=&#8221;on&#8221; gutter_width=&#8221;2&#8243; custom_padding=&#8221;35px||35px||true&#8221; custom_margin=&#8221;0px||0px|&#8221; column_padding_mobile=&#8221;on&#8221; parallax_method_1=&#8221;off&#8221; parallax_method_2=&#8221;off&#8221; parallax_method_3=&#8221;off&#8221; _builder_version=&#8221;3.9&#8243; background_size=&#8221;initial&#8221; background_position=&#8221;top_left&#8221; background_repeat=&#8221;repeat&#8221;][et_pb_column type=&#8221;3_4&#8243; _builder_version=&#8221;3.0.47&#8243; column_padding_mobile=&#8221;on&#8221; parallax=&#8221;off&#8221; parallax_method=&#8221;off&#8221;][et_pb_text admin_label=&#8221;Rodape nome do site&#8221; _builder_version=&#8221;3.9&#8243; text_font=&#8221;|300|||||||&#8221; text_font_size=&#8221;14px&#8221; text_line_height=&#8221;1.3em&#8221; header_font=&#8221;||||||||&#8221; background_size=&#8221;initial&#8221; background_position=&#8221;top_left&#8221; background_repeat=&#8221;repeat&#8221; custom_margin=&#8221;0px||0px||true&#8221; custom_padding=&#8221;0px||0px||false&#8221;]<\/p>\n<p>\u00a9 Quinta de Cima de Eiriz<\/p>\n<p>[\/et_pb_text][et_pb_text admin_label=&#8221;Rodape nome do site&#8221; module_class=&#8221;linkfooter&#8221; _builder_version=&#8221;3.9&#8243; text_font=&#8221;|300|||||||&#8221; text_font_size=&#8221;12px&#8221; text_line_height=&#8221;1.3em&#8221; header_font=&#8221;||||||||&#8221; background_size=&#8221;initial&#8221; background_position=&#8221;top_left&#8221; background_repeat=&#8221;repeat&#8221; custom_margin=&#8221;0px||0px||true&#8221; custom_padding=&#8221;5px||5px||true&#8221;]<\/p>\n<p><a href=\"http:\/\/quintadecimadeeiriz.com\/en\/protecao-de-dados\/#PP\">Pol\u00edtica de Privacidade<\/a> | <a href=\"http:\/\/quintadecimadeeiriz.com\/en\/protecao-de-dados\/#RLO\">Resolu\u00e7\u00e3o de Lit\u00edgios Online<\/a> | <a href=\"http:\/\/quintadecimadeeiriz.com\/en\/protecao-de-dados\/#PC\">Pol\u00edtica de Cookies<\/a><\/p>\n<p>[\/et_pb_text][et_pb_text admin_label=&#8221;Rodape nome do site&#8221; module_class=&#8221;linkfooter&#8221; _builder_version=&#8221;3.9&#8243; text_font=&#8221;|300|||||||&#8221; text_font_size=&#8221;12px&#8221; text_line_height=&#8221;1.3em&#8221; header_font=&#8221;||||||||&#8221; background_size=&#8221;initial&#8221; background_position=&#8221;top_left&#8221; background_repeat=&#8221;repeat&#8221; custom_margin=&#8221;0px||0px||true&#8221; custom_padding=&#8221;0px||0px||true&#8221;]<\/p>\n<p>webdesign by: <a href=\"http:\/\/criativo.net\/\" target=\"_blank\" >criativo.net<\/a><\/p>\n<p>[\/et_pb_text][\/et_pb_column][et_pb_column type=&#8221;1_4&#8243; _builder_version=&#8221;3.0.47&#8243; column_padding_mobile=&#8221;on&#8221; parallax=&#8221;off&#8221; parallax_method=&#8221;off&#8221;][et_pb_social_media_follow disabled_on=&#8221;on|on|off&#8221; _builder_version=&#8221;3.9&#8243; border_radii=&#8221;on|50px|50px|50px|50px&#8221; border_color_all=&#8221;#ffffff&#8221; text_orientation=&#8221;right&#8221; custom_margin=&#8221;0px||0px||true&#8221; custom_padding=&#8221;0px||0px||true&#8221;][et_pb_social_media_follow_network social_network=&#8221;facebook&#8221; url=&#8221;https:\/\/www.facebook.com\/Quinta-de-Cima-de-Eiriz-240548605972430\/&#8221; _builder_version=&#8221;3.9&#8243; background_color=&#8221;#646b5b&#8221; follow_button=&#8221;off&#8221; url_new_window=&#8221;on&#8221;]facebook[\/et_pb_social_media_follow_network][\/et_pb_social_media_follow][et_pb_social_media_follow disabled_on=&#8221;off|off|on&#8221; _builder_version=&#8221;3.11&#8243; border_radii=&#8221;on|50px|50px|50px|50px&#8221; border_color_all=&#8221;#ffffff&#8221; text_orientation=&#8221;left&#8221; custom_margin=&#8221;0px||0px||true&#8221; custom_padding=&#8221;0px||0px||true&#8221;][et_pb_social_media_follow_network social_network=&#8221;facebook&#8221; url=&#8221;https:\/\/www.facebook.com\/Quinta-de-Cima-de-Eiriz-240548605972430\/&#8221; _builder_version=&#8221;3.11&#8243; background_color=&#8221;#646b5b&#8221; follow_button=&#8221;off&#8221; url_new_window=&#8221;on&#8221;]facebook[\/et_pb_social_media_follow_network][\/et_pb_social_media_follow][\/et_pb_column][\/et_pb_row][\/et_pb_section]<\/p>\n","protected":false},"excerpt":{"rendered":"<p>[et_pb_section fb_built=&#8221;1&#8243; module_id=&#8221;home&#8221; _builder_version=&#8221;3.9&#8243; custom_margin=&#8221;0px||0px|&#8221; custom_padding=&#8221;0px|0px|10px|0px&#8221;][et_pb_row make_fullwidth=&#8221;on&#8221; use_custom_gutter=&#8221;on&#8221; gutter_width=&#8221;1&#8243; custom_padding=&#8221;0px|0px|0px|0px&#8221; parallax_method_1=&#8221;off&#8221; _builder_version=&#8221;3.0.82&#8243; background_size=&#8221;initial&#8221; background_position=&#8221;top_left&#8221; background_repeat=&#8221;repeat&#8221;][et_pb_column type=&#8221;4_4&#8243; _builder_version=&#8221;3.0.47&#8243; parallax=&#8221;off&#8221; parallax_method=&#8221;off&#8221;][et_pb_slider show_arrows=&#8221;off&#8221; show_pagination=&#8221;off&#8221; _builder_version=&#8221;3.9&#8243; header_font=&#8221;|600|||||||&#8221; header_font_size=&#8221;35px&#8221; header_font_size_tablet=&#8221;28px&#8221; header_font_size_phone=&#8221;25px&#8221; header_font_size_last_edited=&#8221;on|desktop&#8221; header_letter_spacing=&#8221;1px&#8221; header_letter_spacing_tablet=&#8221;1px&#8221; header_letter_spacing_phone=&#8221;0px&#8221; header_letter_spacing_last_edited=&#8221;on|desktop&#8221; header_line_height=&#8221;1.3em&#8221; body_font=&#8221;||||||||&#8221; body_font_size=&#8221;18px&#8221; body_font_size_tablet=&#8221;17px&#8221; body_font_size_phone=&#8221;16px&#8221; body_font_size_last_edited=&#8221;on|desktop&#8221; body_line_height=&#8221;1.5em&#8221; button_text_size_phone=&#8221;18px&#8221; button_text_size_last_edited=&#8221;off|desktop&#8221; box_shadow_style=&#8221;preset6&#8243; box_shadow_blur=&#8221;10px&#8221; box_shadow_color=&#8221;rgba(0,0,0,0.1)&#8221; custom_margin=&#8221;0px||0px|&#8221; custom_padding=&#8221;200px|0px|200px|0px&#8221; custom_padding_tablet=&#8221;130px||130px||true&#8221; custom_padding_phone=&#8221;80px||80px||true&#8221; custom_padding_last_edited=&#8221;on|desktop&#8221; auto=&#8221;on&#8221; auto_speed=&#8221;4000&#8243; auto_ignore_hover=&#8221;on&#8221; top_padding=&#8221;180px&#8221; bottom_padding=&#8221;180px&#8221; top_padding_phone=&#8221;50px&#8221; bottom_padding_phone=&#8221;50px&#8221; [&hellip;]<\/p>\n","protected":false},"author":3,"featured_media":0,"parent":0,"menu_order":0,"comment_status":"closed","ping_status":"closed","template":"","meta":{"_et_pb_use_builder":"on","_et_pb_old_content":"","_et_gb_content_width":"","footnotes":""},"class_list":["post-36246","page","type-page","status-publish","hentry"],"_links":{"self":[{"href":"https:\/\/quintadecimadeeiriz.com\/en\/wp-json\/wp\/v2\/pages\/36246","targetHints":{"allow":["GET"]}}],"collection":[{"href":"https:\/\/quintadecimadeeiriz.com\/en\/wp-json\/wp\/v2\/pages"}],"about":[{"href":"https:\/\/quintadecimadeeiriz.com\/en\/wp-json\/wp\/v2\/types\/page"}],"author":[{"embeddable":true,"href":"https:\/\/quintadecimadeeiriz.com\/en\/wp-json\/wp\/v2\/users\/3"}],"replies":[{"embeddable":true,"href":"https:\/\/quintadecimadeeiriz.com\/en\/wp-json\/wp\/v2\/comments?post=36246"}],"version-history":[{"count":13,"href":"https:\/\/quintadecimadeeiriz.com\/en\/wp-json\/wp\/v2\/pages\/36246\/revisions"}],"predecessor-version":[{"id":36606,"href":"https:\/\/quintadecimadeeiriz.com\/en\/wp-json\/wp\/v2\/pages\/36246\/revisions\/36606"}],"wp:attachment":[{"href":"https:\/\/quintadecimadeeiriz.com\/en\/wp-json\/wp\/v2\/media?parent=36246"}],"curies":[{"name":"wp","href":"https:\/\/api.w.org\/{rel}","templated":true}]}}